{"id":3284,"date":"2021-11-07T19:01:58","date_gmt":"2021-11-07T19:01:58","guid":{"rendered":"https:\/\/www.bellikids.com\/tienda\/?page_id=3284"},"modified":"2022-06-06T19:00:37","modified_gmt":"2022-06-06T19:00:37","slug":"nosotros","status":"publish","type":"page","link":"https:\/\/www.bellikids.com\/tienda\/nosotros\/","title":{"rendered":"Nosotros"},"content":{"rendered":"\t\t<div data-elementor-type=\"wp-page\" data-elementor-id=\"3284\" class=\"elementor elementor-3284\">\n\t\t\t\t\t\t\t\t\t<section class=\"elementor-section elementor-top-section elementor-element elementor-element-8597b33 elementor-section-full_width elementor-section-content-top elementor-section-stretched elementor-section-height-default elementor-section-height-default\" data-id=\"8597b33\" data-element_type=\"section\" data-settings=\"{&quot;background_background&quot;:&quot;slideshow&quot;,&quot;background_slideshow_gallery&quot;:[{&quot;id&quot;:3224,&quot;url&quot;:&quot;https:\\\/\\\/www.bellikids.com\\\/tienda\\\/wp-content\\\/uploads\\\/2021\\\/11\\\/cama-cajones-y-carro-19.jpg&quot;}],&quot;stretch_section&quot;:&quot;section-stretched&quot;,&quot;background_slideshow_loop&quot;:&quot;yes&quot;,&quot;background_slideshow_slide_duration&quot;:5000,&quot;background_slideshow_slide_transition&quot;:&quot;fade&quot;,&quot;background_slideshow_transition_duration&quot;:500}\">\n\t\t\t\t\t\t<div class=\"elementor-container elementor-column-gap-no\">\n\t\t\t\t\t<div class=\"elementor-column elementor-col-100 elementor-top-column elementor-element elementor-element-34c6d48\" data-id=\"34c6d48\" data-element_type=\"column\">\n\t\t\t<div class=\"elementor-widget-wrap elementor-element-populated\">\n\t\t\t\t\t\t\t\t<div class=\"elementor-element elementor-element-8060706 elementor-widget elementor-widget-text-editor\" data-id=\"8060706\" data-element_type=\"widget\" data-widget_type=\"text-editor.default\">\n\t\t\t\t<div class=\"elementor-widget-container\">\n\t\t\t<style>\/*! elementor - v3.18.0 - 20-12-2023 *\/\n.elementor-widget-text-editor.elementor-drop-cap-view-stacked .elementor-drop-cap{background-color:#69727d;color:#fff}.elementor-widget-text-editor.elementor-drop-cap-view-framed .elementor-drop-cap{color:#69727d;border:3px solid;background-color:transparent}.elementor-widget-text-editor:not(.elementor-drop-cap-view-default) .elementor-drop-cap{margin-top:8px}.elementor-widget-text-editor:not(.elementor-drop-cap-view-default) .elementor-drop-cap-letter{width:1em;height:1em}.elementor-widget-text-editor .elementor-drop-cap{float:left;text-align:center;line-height:1;font-size:50px}.elementor-widget-text-editor .elementor-drop-cap-letter{display:inline-block}<\/style>\t\t\t\t<h3 style=\"text-align: center;\"><span style=\"color: #ffffff;\">ESPECIALISTAS EN AMOBLAMIENTOS PARA J\u00d3VENES Y NI\u00d1OS<\/span><\/h3>\t\t\t\t\t\t<\/div>\n\t\t\t\t<\/div>\n\t\t\t\t\t<\/div>\n\t\t<\/div>\n\t\t\t\t\t\t\t<\/div>\n\t\t<\/section>\n\t\t\t\t<section class=\"elementor-section elementor-top-section elementor-element elementor-element-836a10e elementor-section-boxed elementor-section-height-default elementor-section-height-default\" data-id=\"836a10e\" data-element_type=\"section\">\n\t\t\t\t\t\t<div class=\"elementor-container elementor-column-gap-default\">\n\t\t\t\t\t<div class=\"elementor-column elementor-col-50 elementor-top-column elementor-element elementor-element-df4f8c1\" data-id=\"df4f8c1\" data-element_type=\"column\">\n\t\t\t<div class=\"elementor-widget-wrap elementor-element-populated\">\n\t\t\t\t\t\t\t\t<div class=\"elementor-element elementor-element-26d6879 elementor-widget elementor-widget-image\" data-id=\"26d6879\" data-element_type=\"widget\" data-widget_type=\"image.default\">\n\t\t\t\t<div class=\"elementor-widget-container\">\n\t\t\t<style>\/*! elementor - v3.18.0 - 20-12-2023 *\/\n.elementor-widget-image{text-align:center}.elementor-widget-image a{display:inline-block}.elementor-widget-image a img[src$=\".svg\"]{width:48px}.elementor-widget-image img{vertical-align:middle;display:inline-block}<\/style>\t\t\t\t\t\t\t\t\t\t\t\t<img decoding=\"async\" width=\"175\" height=\"190\" src=\"data:image\/svg+xml,%20%3Csvg%20viewBox%3D%220%200%20175%20190%22%20xmlns%3D%22http%3A%2F%2Fwww.w3.org%2F2000%2Fsvg%22%3E%3C%2Fsvg%3E\" data-src=\"https:\/\/www.bellikids.com\/tienda\/wp-content\/uploads\/2021\/10\/logo-bellikids2.fw_.png\" class=\" lazyload attachment-large size-large wp-image-3130\" alt=\"\" srcset=\"\" data-srcset=\"https:\/\/www.bellikids.com\/tienda\/wp-content\/uploads\/2021\/10\/logo-bellikids2.fw_.png 175w, https:\/\/www.bellikids.com\/tienda\/wp-content\/uploads\/2021\/10\/logo-bellikids2.fw_-138x150.png 138w\" sizes=\"(max-width: 175px) 100vw, 175px\" \/>\t\t\t\t\t\t\t\t\t\t\t\t\t\t\t<\/div>\n\t\t\t\t<\/div>\n\t\t\t\t\t<\/div>\n\t\t<\/div>\n\t\t\t\t<div class=\"elementor-column elementor-col-50 elementor-top-column elementor-element elementor-element-5067aa1\" data-id=\"5067aa1\" data-element_type=\"column\">\n\t\t\t<div class=\"elementor-widget-wrap elementor-element-populated\">\n\t\t\t\t\t\t\t\t<div class=\"elementor-element elementor-element-186e7b2 elementor-widget elementor-widget-text-editor\" data-id=\"186e7b2\" data-element_type=\"widget\" data-widget_type=\"text-editor.default\">\n\t\t\t\t<div class=\"elementor-widget-container\">\n\t\t\t\t\t\t\t<p><strong>Somos una empresa joven, dedicada al dise\u00f1o, construcci\u00f3n y comercializaci\u00f3n de muebles infantiles y juveniles.\u00a0 \u00a0 \u00a0 \u00a0 \u00a0 \u00a0 \u00a0 \u00a0 \u00a0 \u00a0 \u00a0 \u00a0 \u00a0 \u00a0 \u00a0 \u00a0 \u00a0 \u00a0 <\/strong>N<span style=\"color: var( --e-global-color-text ); font-family: var( --e-global-typography-text-font-family ), Sans-serif; font-weight: var( --e-global-typography-text-font-weight ); font-size: 1.4rem;\">uestro objetivo es brindar productos est\u00e9ticos, c\u00f3modos, seguros y durables en el tiempo a trav\u00e9s\u00a0 de la utilizaci\u00f3n de maquinaria y materias primas de calidad, que nos permitan ofrecer a nuestros clientes muebles\u00a0 adaptables al crecimiento de sus hijos. Brindamos desde casi ya 20 a\u00f1os calidad y atenci\u00f3n de excelencia y tratamos de brindar el mejor servicio d\u00eda a d\u00eda.\u00a0<\/span><\/p>\t\t\t\t\t\t<\/div>\n\t\t\t\t<\/div>\n\t\t\t\t\t<\/div>\n\t\t<\/div>\n\t\t\t\t\t\t\t<\/div>\n\t\t<\/section>\n\t\t\t\t\t\t\t<\/div>\n\t\t","protected":false},"excerpt":{"rendered":"<p>ESPECIALISTAS EN AMOBLAMIENTOS PARA J\u00d3VENES Y NI\u00d1OS Somos una empresa joven, dedicada al dise\u00f1o, construcci\u00f3n y comercializaci\u00f3n de muebles infantiles y juveniles.\u00a0 \u00a0 \u00a0 \u00a0 \u00a0 \u00a0 \u00a0 \u00a0 \u00a0 \u00a0 \u00a0 \u00a0 \u00a0 \u00a0 \u00a0 \u00a0 \u00a0 \u00a0 Nuestro objetivo es brindar productos est\u00e9ticos, c\u00f3modos, seguros y durables en el tiempo a trav\u00e9s\u00a0 de[&#8230;]<\/p>\n","protected":false},"author":1,"featured_media":0,"parent":0,"menu_order":0,"comment_status":"closed","ping_status":"closed","template":"","meta":{"_joinchat":[],"footnotes":""},"class_list":["post-3284","page","type-page","status-publish","hentry"],"_links":{"self":[{"href":"https:\/\/www.bellikids.com\/tienda\/wp-json\/wp\/v2\/pages\/3284","targetHints":{"allow":["GET"]}}],"collection":[{"href":"https:\/\/www.bellikids.com\/tienda\/wp-json\/wp\/v2\/pages"}],"about":[{"href":"https:\/\/www.bellikids.com\/tienda\/wp-json\/wp\/v2\/types\/page"}],"author":[{"embeddable":true,"href":"https:\/\/www.bellikids.com\/tienda\/wp-json\/wp\/v2\/users\/1"}],"replies":[{"embeddable":true,"href":"https:\/\/www.bellikids.com\/tienda\/wp-json\/wp\/v2\/comments?post=3284"}],"version-history":[{"count":66,"href":"https:\/\/www.bellikids.com\/tienda\/wp-json\/wp\/v2\/pages\/3284\/revisions"}],"predecessor-version":[{"id":5348,"href":"https:\/\/www.bellikids.com\/tienda\/wp-json\/wp\/v2\/pages\/3284\/revisions\/5348"}],"wp:attachment":[{"href":"https:\/\/www.bellikids.com\/tienda\/wp-json\/wp\/v2\/media?parent=3284"}],"curies":[{"name":"wp","href":"https:\/\/api.w.org\/{rel}","templated":true}]}}